{"id":261,"date":"2015-10-26T14:41:54","date_gmt":"2015-10-26T14:41:54","guid":{"rendered":"http:\/\/www.njuman.se\/?page_id=261"},"modified":"2015-10-26T14:52:08","modified_gmt":"2015-10-26T14:52:08","slug":"personaluthyrning","status":"publish","type":"page","link":"https:\/\/www.njuman.se\/?page_id=261","title":{"rendered":"Personaluthyrning"},"content":{"rendered":"<p><img loading=\"lazy\" decoding=\"async\" src=\"http:\/\/www.njuman.se\/wp-content\/uploads\/2015\/10\/main04-300x204.png\" alt=\"main04\" width=\"300\" height=\"204\" class=\"alignright size-medium wp-image-263\" srcset=\"https:\/\/www.njuman.se\/wp-content\/uploads\/2015\/10\/main04-300x204.png 300w, https:\/\/www.njuman.se\/wp-content\/uploads\/2015\/10\/main04.png 333w\" sizes=\"auto, (max-width: 300px) 100vw, 300px\" \/><strong>Hyra personal? Vi hj\u00e4lper dig med bemanning!<\/strong><\/p>\n<p>Behovet av ny kompetens kan komma pl\u00f6tsligt och d\u00e5 kan bemanningstj\u00e4nster vara ett bra alternativ. Och visst \u00e4r det viktigt att hitta medarbetare snabbt n\u00e4r det brinner i knutarna. M\u00e5nga f\u00f6retag satsar p\u00e5 en flexibel och r\u00f6rlig organisation. De hyr personal fr\u00e5n oss ist\u00e4llet f\u00f6r att anst\u00e4lla och avskeda vartefter konjunkturen och behoven g\u00e5r upp och ner. Vi hj\u00e4lper dig att snabbt f\u00e5 r\u00e4tt person p\u00e5 plats, oavsett om det \u00e4r f\u00f6r ett l\u00e4ngre eller kortare hyruppdrag.<\/p>\n<p><strong>L\u00e4s mer i fliken TJ\u00c4NSTER eller <a href=\"http:\/\/www.njuman.se\/?p=255\">klicka h\u00e4r<\/a> >>><\/strong><\/p>\n","protected":false},"excerpt":{"rendered":"<p>Hyra personal? Vi hj\u00e4lper dig med bemanning! Behovet av ny kompetens kan komma pl\u00f6tsligt och d\u00e5 kan bemanningstj\u00e4nster vara ett bra alternativ. Och visst \u00e4r det viktigt att hitta medarbetare snabbt n\u00e4r det brinner i knutarna. M\u00e5nga f\u00f6retag satsar p\u00e5 [&hellip;]<\/p>\n","protected":false},"author":1,"featured_media":263,"parent":18,"menu_order":54,"comment_status":"closed","ping_status":"closed","template":"","meta":{"jetpack_post_was_ever_published":false,"footnotes":""},"class_list":["post-261","page","type-page","status-publish","has-post-thumbnail","hentry"],"jetpack_sharing_enabled":true,"jetpack_shortlink":"https:\/\/wp.me\/P6GMTD-4d","jetpack_likes_enabled":true,"_links":{"self":[{"href":"https:\/\/www.njuman.se\/index.php?rest_route=\/wp\/v2\/pages\/261","targetHints":{"allow":["GET"]}}],"collection":[{"href":"https:\/\/www.njuman.se\/index.php?rest_route=\/wp\/v2\/pages"}],"about":[{"href":"https:\/\/www.njuman.se\/index.php?rest_route=\/wp\/v2\/types\/page"}],"author":[{"embeddable":true,"href":"https:\/\/www.njuman.se\/index.php?rest_route=\/wp\/v2\/users\/1"}],"replies":[{"embeddable":true,"href":"https:\/\/www.njuman.se\/index.php?rest_route=%2Fwp%2Fv2%2Fcomments&post=261"}],"version-history":[{"count":3,"href":"https:\/\/www.njuman.se\/index.php?rest_route=\/wp\/v2\/pages\/261\/revisions"}],"predecessor-version":[{"id":265,"href":"https:\/\/www.njuman.se\/index.php?rest_route=\/wp\/v2\/pages\/261\/revisions\/265"}],"up":[{"embeddable":true,"href":"https:\/\/www.njuman.se\/index.php?rest_route=\/wp\/v2\/pages\/18"}],"wp:featuredmedia":[{"embeddable":true,"href":"https:\/\/www.njuman.se\/index.php?rest_route=\/wp\/v2\/media\/263"}],"wp:attachment":[{"href":"https:\/\/www.njuman.se\/index.php?rest_route=%2Fwp%2Fv2%2Fmedia&parent=261"}],"curies":[{"name":"wp","href":"https:\/\/api.w.org\/{rel}","templated":true}]}}