{"id":63,"date":"2015-09-14T09:28:01","date_gmt":"2015-09-14T09:28:01","guid":{"rendered":"http:\/\/www.njuman.se\/?page_id=63"},"modified":"2015-09-14T09:34:16","modified_gmt":"2015-09-14T09:34:16","slug":"vad-du-an-behover","status":"publish","type":"page","link":"https:\/\/www.njuman.se\/?page_id=63","title":{"rendered":"Vad du \u00e4n beh\u00f6ver"},"content":{"rendered":"<p><img loading=\"lazy\" decoding=\"async\" src=\"http:\/\/www.njuman.se\/wp-content\/uploads\/2015\/09\/operations-management-150x150.png\" alt=\"operations management\" width=\"150\" height=\"150\" class=\"alignright size-thumbnail wp-image-69\" srcset=\"https:\/\/www.njuman.se\/wp-content\/uploads\/2015\/09\/operations-management-150x150.png 150w, https:\/\/www.njuman.se\/wp-content\/uploads\/2015\/09\/operations-management-160x160.png 160w, https:\/\/www.njuman.se\/wp-content\/uploads\/2015\/09\/operations-management-180x180.png 180w, https:\/\/www.njuman.se\/wp-content\/uploads\/2015\/09\/operations-management-300x300.png 300w, https:\/\/www.njuman.se\/wp-content\/uploads\/2015\/09\/operations-management-50x50.png 50w\" sizes=\"auto, (max-width: 150px) 100vw, 150px\" \/><strong>Vi hj\u00e4lper dig att bygga upp din organisation, l\u00f6sa dina behov eller koppla dig ihop med andra i ett stort n\u00e4tverk.<\/strong><\/p>\n<p>Tog kvittorullar slut mitt i f\u00f6rs\u00e4ljningen? Beh\u00f6ver du m\u00e5la om lokalen? Dra ett nytt n\u00e4tverk men vill inte att tekniken eller sladdar ska synas? Vilket router ska du v\u00e4lja och hur ska den st\u00e4lla in om du vill erbjuda dina kunder free wifi?<\/p>\n<p>Detta \u00e4r en del av m\u00e5nga uppgifter som vi kan hj\u00e4lpa dig med. Vi hj\u00e4lper kunder som har b\u00e5de sm\u00e5 och stora utmaningar framf\u00f6r sig.<\/p>\n","protected":false},"excerpt":{"rendered":"<p>Vi hj\u00e4lper dig att bygga upp din organisation, l\u00f6sa dina behov eller koppla dig ihop med andra i ett stort n\u00e4tverk. Tog kvittorullar slut mitt i f\u00f6rs\u00e4ljningen? Beh\u00f6ver du m\u00e5la om lokalen? Dra ett nytt n\u00e4tverk men vill inte att [&hellip;]<\/p>\n","protected":false},"author":1,"featured_media":0,"parent":18,"menu_order":50,"comment_status":"closed","ping_status":"closed","template":"","meta":{"jetpack_post_was_ever_published":false,"footnotes":""},"class_list":["post-63","page","type-page","status-publish","hentry"],"jetpack_sharing_enabled":true,"jetpack_shortlink":"https:\/\/wp.me\/P6GMTD-11","jetpack_likes_enabled":true,"_links":{"self":[{"href":"https:\/\/www.njuman.se\/index.php?rest_route=\/wp\/v2\/pages\/63","targetHints":{"allow":["GET"]}}],"collection":[{"href":"https:\/\/www.njuman.se\/index.php?rest_route=\/wp\/v2\/pages"}],"about":[{"href":"https:\/\/www.njuman.se\/index.php?rest_route=\/wp\/v2\/types\/page"}],"author":[{"embeddable":true,"href":"https:\/\/www.njuman.se\/index.php?rest_route=\/wp\/v2\/users\/1"}],"replies":[{"embeddable":true,"href":"https:\/\/www.njuman.se\/index.php?rest_route=%2Fwp%2Fv2%2Fcomments&post=63"}],"version-history":[{"count":4,"href":"https:\/\/www.njuman.se\/index.php?rest_route=\/wp\/v2\/pages\/63\/revisions"}],"predecessor-version":[{"id":70,"href":"https:\/\/www.njuman.se\/index.php?rest_route=\/wp\/v2\/pages\/63\/revisions\/70"}],"up":[{"embeddable":true,"href":"https:\/\/www.njuman.se\/index.php?rest_route=\/wp\/v2\/pages\/18"}],"wp:attachment":[{"href":"https:\/\/www.njuman.se\/index.php?rest_route=%2Fwp%2Fv2%2Fmedia&parent=63"}],"curies":[{"name":"wp","href":"https:\/\/api.w.org\/{rel}","templated":true}]}}