{"id":873,"date":"2020-02-28T19:50:26","date_gmt":"2020-02-28T18:50:26","guid":{"rendered":"http:\/\/www.njuman.se\/?post_type=product&#038;p=873"},"modified":"2020-02-28T19:52:43","modified_gmt":"2020-02-28T18:52:43","slug":"brother-hl-2270dw","status":"publish","type":"product","link":"https:\/\/www.njuman.se\/?product=brother-hl-2270dw","title":{"rendered":"Brother HL-2270DW"},"content":{"rendered":"<p><strong>Kompakt svartvit laserskrivare med tr\u00e5dl\u00f6s n\u00e4tverksanslutning och dubbelsidig utskrift<\/strong><\/p>\n<p>HL-2270DW \u00e4r en idealisk svartvit laserskrivare med tr\u00e5dl\u00f6s n\u00e4tverksanslutning f\u00f6r den milj\u00f6medvetne. Trots sitt kompakta format klarar den dubbelsidig utskrift vilket spar p\u00e5 b\u00e5de milj\u00f6 och kostnader. I till\u00e4gg har skrivaren separat toner och trumenhet som \u00e4ven det spar p\u00e5 milj\u00f6n, anv\u00e4nder du dessutom h\u00f6gkapacitetstoner s\u00e5 s\u00e4nker du din utskriftskostnad.<\/p>\n<p>Skrivaren producerar enkelsidiga och dubbelsidiga utskrifter med samma hastighet och kvalitet som du f\u00f6rv\u00e4ntar dig fr\u00e5n en dyrare maskin. Rej\u00e4lt pappersmagasin och m\u00f6jlighet till l\u00f6sbladsmatning, klarar dessutom rak pappersbana.<\/p>\n<p>HL-2270DW \u00e4r kompatibel med Windows, Mac och Linux. Maskinen \u00e4r milj\u00f6m\u00e4rkt med Svanen, Bl\u00e5 \u00c4ngeln och certifierad enligt kraven f\u00f6r Energy Star.<\/p>\n<p><strong>Skrivare \u00e4r begagnad, svart toner finns kvar f\u00f6r direkt utskrift.<\/strong><\/p>\n","protected":false},"excerpt":{"rendered":"<p><strong>Typ:<\/strong> Arbetsgruppsskrivare<br \/>\n<strong>Funktioner:<\/strong> Skrivare<br \/>\n<strong>Utskriftsteknik<\/strong>: Laser<br \/>\n<strong>Utskriftstyp:<\/strong> Monokrom<br \/>\n<strong>Standardminne:<\/strong> 32 MB<br \/>\n<strong>Anslutningsteknik:<\/strong> Tr\u00e5dl\u00f6s, Kabelansluten<br \/>\n<a href=\"https:\/\/support.brother.com\/g\/b\/producttop.aspx?c=se&#038;lang=sv&#038;prod=hl2270dw_all\">L\u00e4s mer p\u00e5 Brothers hemsida h\u00e4r >>><\/a><\/p>\n","protected":false},"featured_media":874,"comment_status":"closed","ping_status":"closed","template":"","meta":{"jetpack_post_was_ever_published":false,"jetpack_publicize_message":"","jetpack_publicize_feature_enabled":true,"jetpack_social_post_already_shared":true,"jetpack_social_options":{"image_generator_settings":{"template":"highway","default_image_id":0,"font":"","enabled":false},"version":2}},"product_brand":[],"product_cat":[68],"product_tag":[69],"class_list":{"0":"post-873","1":"product","2":"type-product","3":"status-publish","4":"has-post-thumbnail","6":"product_cat-it","7":"product_tag-skrivare","9":"first","10":"instock","11":"taxable","12":"shipping-taxable","13":"purchasable","14":"product-type-simple"},"jetpack_publicize_connections":[],"jetpack_sharing_enabled":true,"jetpack_likes_enabled":true,"_links":{"self":[{"href":"https:\/\/www.njuman.se\/index.php?rest_route=\/wp\/v2\/product\/873","targetHints":{"allow":["GET"]}}],"collection":[{"href":"https:\/\/www.njuman.se\/index.php?rest_route=\/wp\/v2\/product"}],"about":[{"href":"https:\/\/www.njuman.se\/index.php?rest_route=\/wp\/v2\/types\/product"}],"replies":[{"embeddable":true,"href":"https:\/\/www.njuman.se\/index.php?rest_route=%2Fwp%2Fv2%2Fcomments&post=873"}],"wp:featuredmedia":[{"embeddable":true,"href":"https:\/\/www.njuman.se\/index.php?rest_route=\/wp\/v2\/media\/874"}],"wp:attachment":[{"href":"https:\/\/www.njuman.se\/index.php?rest_route=%2Fwp%2Fv2%2Fmedia&parent=873"}],"wp:term":[{"taxonomy":"product_brand","embeddable":true,"href":"https:\/\/www.njuman.se\/index.php?rest_route=%2Fwp%2Fv2%2Fproduct_brand&post=873"},{"taxonomy":"product_cat","embeddable":true,"href":"https:\/\/www.njuman.se\/index.php?rest_route=%2Fwp%2Fv2%2Fproduct_cat&post=873"},{"taxonomy":"product_tag","embeddable":true,"href":"https:\/\/www.njuman.se\/index.php?rest_route=%2Fwp%2Fv2%2Fproduct_tag&post=873"}],"curies":[{"name":"wp","href":"https:\/\/api.w.org\/{rel}","templated":true}]}}